{"id":3837,"date":"2024-04-16T14:55:05","date_gmt":"2024-04-16T12:55:05","guid":{"rendered":"https:\/\/bowmen-smash.de\/?page_id=3837"},"modified":"2024-04-21T14:07:39","modified_gmt":"2024-04-21T12:07:39","slug":"wine-excursion-in-radebeul","status":"publish","type":"page","link":"https:\/\/bowmen-smash.de\/en\/events\/special-activities-on-sunday\/wine-excursion-in-radebeul\/","title":{"rendered":"Wine excursion in Radebeul"},"content":{"rendered":"\t\t<div data-elementor-type=\"wp-page\" data-elementor-id=\"3837\" class=\"elementor elementor-3837 elementor-3836\" data-elementor-post-type=\"page\">\n\t\t\t\t\t\t<section class=\"elementor-section elementor-top-section elementor-element elementor-element-b563cca elementor-section-boxed elementor-section-height-default elementor-section-height-default\" data-id=\"b563cca\" data-element_type=\"section\">\n\t\t\t\t\t\t<div class=\"elementor-container elementor-column-gap-default\">\n\t\t\t\t\t<div class=\"elementor-column elementor-col-100 elementor-top-column elementor-element elementor-element-70e7413\" data-id=\"70e7413\" data-element_type=\"column\">\n\t\t\t<div class=\"elementor-widget-wrap elementor-element-populated\">\n\t\t\t\t\t\t<div class=\"elementor-element elementor-element-8c7dc8b elementor-widget elementor-widget-spacer\" data-id=\"8c7dc8b\" data-element_type=\"widget\" data-widget_type=\"spacer.default\">\n\t\t\t\t<div class=\"elementor-widget-container\">\n\t\t\t\t\t\t\t<div class=\"elementor-spacer\">\n\t\t\t<div class=\"elementor-spacer-inner\"><\/div>\n\t\t<\/div>\n\t\t\t\t\t\t<\/div>\n\t\t\t\t<\/div>\n\t\t\t\t\t<\/div>\n\t\t<\/div>\n\t\t\t\t\t<\/div>\n\t\t<\/section>\n\t\t\t\t<section class=\"elementor-section elementor-top-section elementor-element elementor-element-b9bcb08 elementor-section-boxed elementor-section-height-default elementor-section-height-default\" data-id=\"b9bcb08\" data-element_type=\"section\">\n\t\t\t\t\t\t<div class=\"elementor-container elementor-column-gap-default\">\n\t\t\t\t\t<div class=\"elementor-column elementor-col-100 elementor-top-column elementor-element elementor-element-c3bdc92\" data-id=\"c3bdc92\" data-element_type=\"column\">\n\t\t\t<div class=\"elementor-widget-wrap elementor-element-populated\">\n\t\t\t\t\t\t<div class=\"elementor-element elementor-element-0221c24 elementor-widget elementor-widget-heading\" data-id=\"0221c24\" data-element_type=\"widget\" data-widget_type=\"heading.default\">\n\t\t\t\t<div class=\"elementor-widget-container\">\n\t\t\t\t\t<h3 class=\"elementor-heading-title elementor-size-default\">Wine excursion in Radebeul<\/h3>\t\t\t\t<\/div>\n\t\t\t\t<\/div>\n\t\t\t\t<section class=\"elementor-section elementor-inner-section elementor-element elementor-element-6d38dfa elementor-section-boxed elementor-section-height-default elementor-section-height-default\" data-id=\"6d38dfa\" data-element_type=\"section\">\n\t\t\t\t\t\t<div class=\"elementor-container elementor-column-gap-default\">\n\t\t\t\t\t<div class=\"elementor-column elementor-col-33 elementor-inner-column elementor-element elementor-element-d2ff9b8\" data-id=\"d2ff9b8\" data-element_type=\"column\">\n\t\t\t<div class=\"elementor-widget-wrap elementor-element-populated\">\n\t\t\t\t\t\t<div class=\"elementor-element elementor-element-6276f09 elementor-widget elementor-widget-image\" data-id=\"6276f09\" data-element_type=\"widget\" data-widget_type=\"image.default\">\n\t\t\t\t<div class=\"elementor-widget-container\">\n\t\t\t\t\t\t\t\t\t\t\t\t\t\t\t<img fetchpriority=\"high\" decoding=\"async\" width=\"750\" height=\"375\" src=\"https:\/\/bowmen-smash.de\/wp-content\/uploads\/2023\/12\/IMG_20190609_173903-1024x512.jpg\" class=\"attachment-large size-large wp-image-2482\" alt=\"\" srcset=\"https:\/\/bowmen-smash.de\/wp-content\/uploads\/2023\/12\/IMG_20190609_173903-1024x512.jpg 1024w, https:\/\/bowmen-smash.de\/wp-content\/uploads\/2023\/12\/IMG_20190609_173903-300x150.jpg 300w, https:\/\/bowmen-smash.de\/wp-content\/uploads\/2023\/12\/IMG_20190609_173903-768x384.jpg 768w, https:\/\/bowmen-smash.de\/wp-content\/uploads\/2023\/12\/IMG_20190609_173903-1536x768.jpg 1536w, https:\/\/bowmen-smash.de\/wp-content\/uploads\/2023\/12\/IMG_20190609_173903-2048x1024.jpg 2048w\" sizes=\"(max-width: 750px) 100vw, 750px\" \/>\t\t\t\t\t\t\t\t\t\t\t\t\t\t\t<\/div>\n\t\t\t\t<\/div>\n\t\t\t\t<div class=\"elementor-element elementor-element-ab20bb8 elementor-align-left elementor-icon-list--layout-traditional elementor-list-item-link-full_width elementor-widget elementor-widget-icon-list\" data-id=\"ab20bb8\" data-element_type=\"widget\" data-widget_type=\"icon-list.default\">\n\t\t\t\t<div class=\"elementor-widget-container\">\n\t\t\t\t\t\t\t<ul class=\"elementor-icon-list-items\">\n\t\t\t\t\t\t\t<li class=\"elementor-icon-list-item\">\n\t\t\t\t\t\t\t\t\t\t\t<span class=\"elementor-icon-list-icon\">\n\t\t\t\t\t\t\t<i aria-hidden=\"true\" class=\"far fa-calendar-alt\"><\/i>\t\t\t\t\t\t<\/span>\n\t\t\t\t\t\t\t\t\t\t<span class=\"elementor-icon-list-text\"><strong>Date:<\/strong> Sunday, May 19, 2024<\/span>\n\t\t\t\t\t\t\t\t\t<\/li>\n\t\t\t\t\t\t\t\t<li class=\"elementor-icon-list-item\">\n\t\t\t\t\t\t\t\t\t\t\t<span class=\"elementor-icon-list-icon\">\n\t\t\t\t\t\t\t<i aria-hidden=\"true\" class=\"far fa-clock\"><\/i>\t\t\t\t\t\t<\/span>\n\t\t\t\t\t\t\t\t\t\t<span class=\"elementor-icon-list-text\"><strong>Start:<\/strong> 2:00 p.m.<\/span>\n\t\t\t\t\t\t\t\t\t<\/li>\n\t\t\t\t\t\t\t\t<li class=\"elementor-icon-list-item\">\n\t\t\t\t\t\t\t\t\t\t\t<span class=\"elementor-icon-list-icon\">\n\t\t\t\t\t\t\t<i aria-hidden=\"true\" class=\"fas fa-map-marker-alt\"><\/i>\t\t\t\t\t\t<\/span>\n\t\t\t\t\t\t\t\t\t\t<span class=\"elementor-icon-list-text\"><strong>Start:<\/strong> Eduard-Bilz-Stra\u00dfe \/ Weinbergstra\u00dfe, Radebeul<\/span>\n\t\t\t\t\t\t\t\t\t<\/li>\n\t\t\t\t\t\t\t\t<li class=\"elementor-icon-list-item\">\n\t\t\t\t\t\t\t\t\t\t\t<span class=\"elementor-icon-list-icon\">\n\t\t\t\t\t\t\t<i aria-hidden=\"true\" class=\"fas fa-sync\"><\/i>\t\t\t\t\t\t<\/span>\n\t\t\t\t\t\t\t\t\t\t<span class=\"elementor-icon-list-text\"><strong>Duration:<\/strong> approx. 2 to 3 hours<\/span>\n\t\t\t\t\t\t\t\t\t<\/li>\n\t\t\t\t\t\t<\/ul>\n\t\t\t\t\t\t<\/div>\n\t\t\t\t<\/div>\n\t\t\t\t\t<\/div>\n\t\t<\/div>\n\t\t\t\t<div class=\"elementor-column elementor-col-66 elementor-inner-column elementor-element elementor-element-78fcbbb\" data-id=\"78fcbbb\" data-element_type=\"column\">\n\t\t\t<div class=\"elementor-widget-wrap elementor-element-populated\">\n\t\t\t\t\t\t<div class=\"elementor-element elementor-element-fa608cd elementor-widget elementor-widget-text-editor\" data-id=\"fa608cd\" data-element_type=\"widget\" data-widget_type=\"text-editor.default\">\n\t\t\t\t<div class=\"elementor-widget-container\">\n\t\t\t\t\t\t\t\t\t<p><strong>Journey:<\/strong><\/p>\n<ul>\n<li>S-Bahn line S1, station &#8220;Radebeul Ost&#8221;<\/li>\n<li>Bus EV4, stop &#8220;Radebeul, Schildenstra\u00dfe&#8221;<\/li>\n<li>Bus line 72, stop &#8220;Radebeul, Eduard-Bilz-Stra\u00dfe&#8221;<\/li>\n<\/ul>\n<p><strong>Expiration:<\/strong><\/p>\n<ul>\n<li>Meeting point: <a href=\"https:\/\/maps.app.goo.gl\/LV14p3U9ieUFiR5t6\" target=\"_blank\" rel=\"noopener\">Eduard-Bilz-Stra\u00dfe\/Weinbergstra\u00dfe in Radebeul<\/a><\/li>\n<li>2:00 p.m. &#8211; Start of the wine excursion with our wine expert Kerstin<\/li>\n<li>Short hike through the vineyards (it also goes uphill) in Radebeul, with various explanations about the Radebeul wine, its cultivation and the current winemakers<\/li>\n<li>Tastings of three different local wines<\/li>\n<li>approx. 4:30 p.m. &#8211; End of the hike followed by a stop at the &#8220;Hofl\u00f6\u00dfnitz&#8221; winery<\/li>\n<\/ul>\n<div>\n<ul>\n<li style=\"list-style-type: none;\">\n<ul><\/ul>\n<\/li>\n<\/ul>\n<\/div>\n\t\t\t\t\t\t\t\t<\/div>\n\t\t\t\t<\/div>\n\t\t\t\t\t<\/div>\n\t\t<\/div>\n\t\t\t\t\t<\/div>\n\t\t<\/section>\n\t\t\t\t\t<\/div>\n\t\t<\/div>\n\t\t\t\t\t<\/div>\n\t\t<\/section>\n\t\t\t\t<section class=\"elementor-section elementor-top-section elementor-element elementor-element-70b4e73 elementor-section-boxed elementor-section-height-default elementor-section-height-default\" data-id=\"70b4e73\" data-element_type=\"section\">\n\t\t\t\t\t\t<div class=\"elementor-container elementor-column-gap-default\">\n\t\t\t\t\t<div class=\"elementor-column elementor-col-100 elementor-top-column elementor-element elementor-element-179047f\" data-id=\"179047f\" data-element_type=\"column\">\n\t\t\t<div class=\"elementor-widget-wrap elementor-element-populated\">\n\t\t\t\t\t\t<div class=\"elementor-element elementor-element-8602b89 elementor-widget elementor-widget-spacer\" data-id=\"8602b89\" data-element_type=\"widget\" data-widget_type=\"spacer.default\">\n\t\t\t\t<div class=\"elementor-widget-container\">\n\t\t\t\t\t\t\t<div class=\"elementor-spacer\">\n\t\t\t<div class=\"elementor-spacer-inner\"><\/div>\n\t\t<\/div>\n\t\t\t\t\t\t<\/div>\n\t\t\t\t<\/div>\n\t\t\t\t\t<\/div>\n\t\t<\/div>\n\t\t\t\t\t<\/div>\n\t\t<\/section>\n\t\t\t\t<\/div>\n\t\t","protected":false},"excerpt":{"rendered":"<p>Wine excursion in Radebeul Date: Sunday, May 19, 2024 Start: 2:00 p.m. Start: Eduard-Bilz-Stra\u00dfe \/ Weinbergstra\u00dfe, Radebeul Duration: approx. 2 to 3 hours Journey: S-Bahn line S1, station &#8220;Radebeul Ost&#8221; Bus EV4, stop &#8220;Radebeul, Schildenstra\u00dfe&#8221; Bus line 72, stop &#8220;Radebeul, Eduard-Bilz-Stra\u00dfe&#8221; Expiration: Meeting point: Eduard-Bilz-Stra\u00dfe\/Weinbergstra\u00dfe in Radebeul 2:00 p.m. &#8211; [&hellip;]<\/p>\n","protected":false},"author":10,"featured_media":2483,"parent":2498,"menu_order":0,"comment_status":"closed","ping_status":"closed","template":"page-templates\/template-fullwidth.php","meta":{"_acf_changed":false,"ngg_post_thumbnail":0,"footnotes":""},"class_list":["post-3837","page","type-page","status-publish","has-post-thumbnail","hentry"],"acf":[],"_links":{"self":[{"href":"https:\/\/bowmen-smash.de\/en\/wp-json\/wp\/v2\/pages\/3837","targetHints":{"allow":["GET"]}}],"collection":[{"href":"https:\/\/bowmen-smash.de\/en\/wp-json\/wp\/v2\/pages"}],"about":[{"href":"https:\/\/bowmen-smash.de\/en\/wp-json\/wp\/v2\/types\/page"}],"author":[{"embeddable":true,"href":"https:\/\/bowmen-smash.de\/en\/wp-json\/wp\/v2\/users\/10"}],"replies":[{"embeddable":true,"href":"https:\/\/bowmen-smash.de\/en\/wp-json\/wp\/v2\/comments?post=3837"}],"version-history":[{"count":7,"href":"https:\/\/bowmen-smash.de\/en\/wp-json\/wp\/v2\/pages\/3837\/revisions"}],"predecessor-version":[{"id":3932,"href":"https:\/\/bowmen-smash.de\/en\/wp-json\/wp\/v2\/pages\/3837\/revisions\/3932"}],"up":[{"embeddable":true,"href":"https:\/\/bowmen-smash.de\/en\/wp-json\/wp\/v2\/pages\/2498"}],"wp:featuredmedia":[{"embeddable":true,"href":"https:\/\/bowmen-smash.de\/en\/wp-json\/wp\/v2\/media\/2483"}],"wp:attachment":[{"href":"https:\/\/bowmen-smash.de\/en\/wp-json\/wp\/v2\/media?parent=3837"}],"curies":[{"name":"wp","href":"https:\/\/api.w.org\/{rel}","templated":true}]}}